{"id":1084,"date":"2021-07-25T22:41:23","date_gmt":"2021-07-25T22:41:23","guid":{"rendered":"https:\/\/rasemkalip.com\/startseite\/"},"modified":"2021-08-05T20:46:52","modified_gmt":"2021-08-05T20:46:52","slug":"startseite","status":"publish","type":"page","link":"https:\/\/rasemkalip.com\/de\/","title":{"rendered":"Startseite"},"content":{"rendered":"<section class=\"wpb-content-wrapper\">[vc_row row_type=&#8221;wrfullwidth&#8221;][vc_column][rev_slider_vc alias=&#8221;cleanslider&#8221;][vc_row_inner content_placement=&#8221;middle&#8221; css=&#8221;.vc_custom_1578847057534{background-color: #24a0de !important;}&#8221;][vc_column_inner width=&#8221;1\/2&#8243;][vc_column_text]\n<h2 style=\"text-align: center;\"><span style=\"color: #ffffff;\">Siehe unsere<\/span><\/h2>\n[\/vc_column_text][\/vc_column_inner][vc_column_inner width=&#8221;1\/6&#8243;][vc_btn title=&#8221;E &#8211; KATALOG&#8221; size=&#8221;sm&#8221; align=&#8221;center&#8221; button_block=&#8221;true&#8221; link=&#8221;url:%2Fwp-content%2Fuploads%2F2020%2F01%2FRasem-2018-kataloge_mail-size.pdf|title:KATALOG-PDF|target:%20_blank|&#8221;][\/vc_column_inner][vc_column_inner width=&#8221;1\/6&#8243;][vc_btn title=&#8221;VIDEO&#8221; size=&#8221;sm&#8221; align=&#8221;center&#8221; button_block=&#8221;true&#8221; css=&#8221;.vc_custom_1578865541027{margin-left: 5px !important;}&#8221; link=&#8221;url:%2Fwp-content%2Fuploads%2F2020%2F01%2Frasem-video.mp4|title:%C3%9CBER-BUSINESS|target:%20_blank|&#8221;][\/vc_column_inner][\/vc_row_inner][\/vc_column][\/vc_row][vc_row][vc_column width=&#8221;1\/4&#8243;]<div class=\"heading-block\"><div class=\"morphext-text heading\">Wir kombinieren<span class=\"js-rotating\"> neue Technologie, Erfahrung, Designtalente<\/span><\/div><p>Wir als RASEM nutzen jede M\u00f6glichkeit f\u00fcr Investitionen in Menschen, Prozesse und Technologie ; als grosse Familie arbeiten wir mit hochqualifizierter Manpower und setzten gesammeltes Know-how ein.<\/p><a href=\"\/about-us\/\" class=\"sppb-btn sppb-btn-success\" target=\"_self\">Mehr<\/a><\/div>[vc_empty_space height=&#8221;20px&#8221;][\/vc_column][vc_column width=&#8221;1\/4&#8243;]<div class=\"service-block wr-service\"><div class=\"inner\"><img decoding=\"async\" src=\"https:\/\/rasemkalip.com\/wp-content\/uploads\/2020\/01\/design_opt.jpg\" alt=\"Konstruktion - Simulation\"><div class=\"service-content\"><h5>Konstruktion - Simulation<\/h5><p>Zur Werkzeugkonstruktion verwenden wir die Programme Siemens NX CAD-MOLD und MAGMASOFT. Alle Werkzeugkonstruktions- und Simulationsprozesse werden von unserem gut ausgebildeten Team im Haus durchgef\u00fchrt.<\/p><div class=\"clear\"><\/div><a href=\"\/design-simulation\/\" class=\"simple\" target=\"_self\">Mehr<\/a><\/div><\/div><\/div>[\/vc_column][vc_column width=&#8221;1\/4&#8243;]<div class=\"service-block wr-service\"><div class=\"inner\"><img decoding=\"async\" src=\"https:\/\/rasemkalip.com\/wp-content\/uploads\/2020\/01\/design-tool_opt.png\" alt=\"Werkzeugherstellung\"><div class=\"service-content\"><h5>Werkzeugherstellung<\/h5><p>Wir stellen seit 2001 ausschlie\u00dflich Druckguss-\u00a0 und Entgratungswerkzeuge her . \u00dcber 500 Produkte wurde seitdem an Kunden ausgeliefert . Unsere aktuelle Kapazit\u00e4t betr\u00e4gt bis zu 2000 mm Gr\u00f6\u00dfe und\u00a0 Gesamtgewicht 18 Tonnen Gewicht.<\/p><div class=\"clear\"><\/div><a href=\"\/production\/\" class=\"simple\" target=\"_self\">Mehr<\/a><\/div><\/div><\/div>[\/vc_column][vc_column width=&#8221;1\/4&#8243;]<div class=\"service-block wr-service\"><div class=\"inner\"><img decoding=\"async\" src=\"https:\/\/rasemkalip.com\/wp-content\/uploads\/2020\/01\/sample_opt.png\" alt=\"Musterteile\"><div class=\"service-content\"><h5>Musterteile<\/h5><p>Zu jedem Projekt werden Probegussteile gegossen und unseren Kunden zur Pr\u00fcfung ausgeliefert. Das Gie\u00dfen der Werkzeuge, Messprotokoll, R\u00f6ntgenkontrolle etc. werden von uns vor Ort durchgef\u00fchrt.<\/p><div class=\"clear\"><\/div><a href=\"\/samples\/\" class=\"simple\" target=\"_self\">Mehr<\/a><\/div><\/div><\/div>[\/vc_column][\/vc_row]\n<\/section>","protected":false},"excerpt":{"rendered":"<p>[vc_row row_type=&#8221;wrfullwidth&#8221;][vc_column][rev_slider_vc alias=&#8221;cleanslider&#8221;][vc_row_inner content_placement=&#8221;middle&#8221; css=&#8221;.vc_custom_1578847057534{background-color: #24a0de !important;}&#8221;][vc_column_inner width=&#8221;1\/2&#8243;][vc_column_text] Siehe unsere [\/vc_column_text][\/vc_column_inner][vc_column_inner width=&#8221;1\/6&#8243;][vc_btn title=&#8221;E &#8211; KATALOG&#8221; size=&#8221;sm&#8221; align=&#8221;center&#8221; button_block=&#8221;true&#8221; link=&#8221;url:%2Fwp-content%2Fuploads%2F2020%2F01%2FRasem-2018-kataloge_mail-size.pdf|title:KATALOG-PDF|target:%20_blank|&#8221;][\/vc_column_inner][vc_column_inner width=&#8221;1\/6&#8243;][vc_btn title=&#8221;VIDEO&#8221; size=&#8221;sm&#8221; align=&#8221;center&#8221; button_block=&#8221;true&#8221; css=&#8221;.vc_custom_1578865541027{margin-left: 5px !important;}&#8221; link=&#8221;url:%2Fwp-content%2Fuploads%2F2020%2F01%2Frasem-video.mp4|title:%C3%9CBER-BUSINESS|target:%20_blank|&#8221;][\/vc_column_inner][\/vc_row_inner][\/vc_column][\/vc_row][vc_row][vc_column width=&#8221;1\/4&#8243;][vc_empty_space height=&#8221;20px&#8221;][\/vc_column][vc_column width=&#8221;1\/4&#8243;][\/vc_column][vc_column width=&#8221;1\/4&#8243;][\/vc_column][vc_column width=&#8221;1\/4&#8243;][\/vc_column][\/vc_row]<\/p>\n","protected":false},"author":1,"featured_media":0,"parent":0,"menu_order":0,"comment_status":"closed","ping_status":"closed","template":"","meta":{"footnotes":""},"class_list":["post-1084","page","type-page","status-publish","hentry"],"_links":{"self":[{"href":"https:\/\/rasemkalip.com\/de\/wp-json\/wp\/v2\/pages\/1084","targetHints":{"allow":["GET"]}}],"collection":[{"href":"https:\/\/rasemkalip.com\/de\/wp-json\/wp\/v2\/pages"}],"about":[{"href":"https:\/\/rasemkalip.com\/de\/wp-json\/wp\/v2\/types\/page"}],"author":[{"embeddable":true,"href":"https:\/\/rasemkalip.com\/de\/wp-json\/wp\/v2\/users\/1"}],"replies":[{"embeddable":true,"href":"https:\/\/rasemkalip.com\/de\/wp-json\/wp\/v2\/comments?post=1084"}],"version-history":[{"count":10,"href":"https:\/\/rasemkalip.com\/de\/wp-json\/wp\/v2\/pages\/1084\/revisions"}],"predecessor-version":[{"id":1193,"href":"https:\/\/rasemkalip.com\/de\/wp-json\/wp\/v2\/pages\/1084\/revisions\/1193"}],"wp:attachment":[{"href":"https:\/\/rasemkalip.com\/de\/wp-json\/wp\/v2\/media?parent=1084"}],"curies":[{"name":"wp","href":"https:\/\/api.w.org\/{rel}","templated":true}]}}