{"id":1106,"date":"2021-07-28T01:05:36","date_gmt":"2021-07-28T01:05:36","guid":{"rendered":"https:\/\/rasemkalip.com\/ueber-uns\/"},"modified":"2021-09-09T14:15:11","modified_gmt":"2021-09-09T14:15:11","slug":"ueber-uns","status":"publish","type":"page","link":"https:\/\/rasemkalip.com\/de\/ueber-uns\/","title":{"rendered":"\u00dcber uns"},"content":{"rendered":"<section class=\"wpb-content-wrapper\">[vc_row][vc_column width=&#8221;1\/2&#8243;][vc_empty_space height=&#8221;20px&#8221;]<img decoding=\"async\" src=\"https:\/\/rasemkalip.com\/wp-content\/uploads\/2020\/01\/1988.jpg\" alt=\"\">[vc_empty_space height=&#8221;20px&#8221;][vc_column_text]\n<h4>Geschichte;<\/h4>\n[\/vc_column_text][vc_tta_accordion c_position=&#8221;right&#8221; active_section=&#8221;&#8221; collapsible_all=&#8221;true&#8221;][vc_tta_section title=&#8221;1993&#8243; tab_id=&#8221;1499503082054-29c5802e-cbdf&#8221;][vc_column_text]Gr\u00fcndung durch Zeynel G\u00fcn (Erste Generation)[\/vc_column_text][\/vc_tta_section][vc_tta_section title=&#8221;2001&#8243; tab_id=&#8221;1499503082132-e95f310f-596a&#8221;][vc_column_text]Konzentriert sich auf Kaltkammer-Hochdruck-Druckgusswerkzeuge.[\/vc_column_text][\/vc_tta_section][vc_tta_section title=&#8221;2005&#8243; tab_id=&#8221;1578747216329-4afbdea2-e2ad&#8221;][vc_column_text]Erste Investition in CNC-Technik der zweiten Generation. J\u00e4hrliche Produktion von 15 St\u00fcck Formwerkzeugen.[\/vc_column_text][\/vc_tta_section][vc_tta_section title=&#8221;2010&#8243; tab_id=&#8221;1503170830231-473275ce-d32e&#8221;][vc_column_text]Mehr Investitionen. Beginnt mit der Produktion von Trimmwerkzeugen. J\u00e4hrliche Produktion von 25 St\u00fcck Druckguss-Form- und Beschnittwerkzeugen.[\/vc_column_text][\/vc_tta_section][vc_tta_section title=&#8221;2011&#8243; tab_id=&#8221;1503170859366-acd04d9f-5890&#8243;][vc_column_text]Inbetriebnahme des 3D-KMG-Ger\u00e4ts. Zertifiziert durch das Qualit\u00e4tssystem ISO 9001.[\/vc_column_text][\/vc_tta_section][vc_tta_section title=&#8221;2013&#8243; tab_id=&#8221;1547991327372-dd46c4a7-a949&#8243;][vc_column_text]Gr\u00fcndung einer Fertigungswerkstatt f\u00fcr Haltes\u00e4tze f\u00fcr Werkzeuge. Investition in ein CNC-Bohrzentrum und ein CNC-Bearbeitungszentrum vom Br\u00fcckentyp.[\/vc_column_text][\/vc_tta_section][vc_tta_section title=&#8221;2017&#8243; tab_id=&#8221;1547991405331-18d98067-5d5a&#8221;][vc_column_text]Umzug in die neue Fabrik, basierend auf 1300 m2 geschlossener Fl\u00e4che mit den neuen Investitionen. Ausf\u00fchrung von 42 Form- und 24 Bes\u00e4umwerkzeugen bis 1400 mm Gr\u00f6\u00dfe und bis 9 Tonnen Gewicht mit 30 Mitarbeitern; 11 wei\u00dfe Kragen und 19 blaue Kragen.[\/vc_column_text][\/vc_tta_section][vc_tta_section title=&#8221;2019&#8243; tab_id=&#8221;1547991451898-4137aa7d-bd51&#8243;][vc_column_text]Die Werkzeugbaukapazit\u00e4t betr\u00e4gt bis zu 2000 mm Gr\u00f6\u00dfe und bis zu 15 Tonnen Gewicht.<br \/>\nWurden 52 Form- und 37 Trimmwerkzeuge ausgeliefert[\/vc_column_text][\/vc_tta_section][vc_tta_section title=&#8221;2020&#8243; tab_id=&#8221;1578747769240-c6685a15-fef6&#8243;][vc_column_text]Die geplante Kapazit\u00e4t betr\u00e4gt bis zu 2000 mm Gr\u00f6\u00dfe und bis zu 25 Tonnen Gewicht.<br \/>\nDie Produktionskapazit\u00e4t betr\u00e4gt 60 Form- und 40 Schneidwerkzeuge pro Jahr.[\/vc_column_text][\/vc_tta_section][\/vc_tta_accordion][\/vc_column][vc_column width=&#8221;1\/2&#8243;][vc_column_text]<strong>RASEM<\/strong>\u00a0ist einer der national f\u00fchrenden Werkzeughersteller in der Druckgussindustrie, spezialisiert auf Aluminium-Spritzguss- und Entgratungswerkzeuge. Unser Familienbetrieb wurde<strong> 1993 <\/strong>von Zeynel G\u00fcn in Istanbul gegr\u00fcndet.<\/p>\n<p>Rasem kombiniert neue Technologien, Ingenieurwissen und Designtalente mit dem Fokus auf \u201eKundenzufriedenheit\u201c. Durch tiefe Lohnst\u00fcckkosten und dem Vorteil welcher durch die Mitgliedschaft in der Zollunion gegeben ist ( keine lmportsteuern auf t\u00fcrk. Produkte in der EU ) k\u00f6nnen wir international preislich den Preisvorteil an die Kunden weitergeben. Der Standortvorteil mit kurzen logistischen Anlieferzeiten ist ein weiterer Punkt , welcher einen Vorteil bietet im Wettbewerb.<\/p>\n<p>Heute ist Rasem in der Lage, Werkzeuge herzustellen die\u00a0bis zu<strong> 2000 mm Gr\u00f6\u00dfe <\/strong>und bis zu<strong> 18 Tonnen Gewicht betragen. Die Produktionsflaeche betraegt<\/strong> 1.300 m2 und einer geschlossener Fl\u00e4che von 950 m2.<\/p>\n<p>Unsere Firma versteht die Notwendigkeit von Investitionen in Mensch, Prozess und Technologie, arbeitet mit hochqualifizierten Arbeitskr\u00e4ften und gesammeltem Know-how und achtet stets aufs Detail.<\/p>\n<p>Unsere Manufaktur stellt hochwertige Werkzeuge f\u00fcr die Massenproduktion f\u00fcr Tier-1-Unternehmen her, wie z.\u00a0<strong>Bosch, SEG, Valeo, Magna CTS, TRW, Mahle, Stackpole, Trelleborg<\/strong>\u00a0und basiert auf langjaehrigen Partnerschaften mit Druckgie\u00dfereien, die ihr Hauptgesch\u00e4ft mit 85 % der Automobilindustrie betreiben und 15 % in der Haushalts &#8211; und die Elektro-Elektronik-Industrie .[\/vc_column_text][vc_separator][vc_column_text]\n<h5>Warum wir ?<\/h5>\n<p>Mit der <strong>kundenorientierten Kultur<\/strong> und der Ouality Assurance-Mentalit\u00e4t; Rasem ist in den letzten 10 Jahren auf dem heimischen Markt schnell gewachsen und hat sich seitdem zu <strong>einem gesch\u00e4tzten Exporteur von Werkzeugen in viele europ\u00e4ische L\u00e4nder entwickelt.<\/strong><\/p>\n<ul>\n<li><i class=\"fa fa-check-square-o\"><\/i><strong>Hochwertiger Werkzeugstahl<\/strong><\/li>\n<li><strong><i class=\"fa fa-check-square-o\"><\/i>Einreichen von FOT-Teilen und Ma\u00dfbericht<\/strong><\/li>\n<li><strong><i class=\"fa fa-check-square-o\"><\/i>Service in der ganzen Welt<\/strong><\/li>\n<li><strong><i class=\"fa fa-check-square-o\"><\/i>Professionelles Projektmanagement<\/strong><\/li>\n<\/ul>\n[\/vc_column_text][\/vc_column][\/vc_row]\n<\/section>","protected":false},"excerpt":{"rendered":"<p>[vc_row][vc_column width=&#8221;1\/2&#8243;][vc_empty_space height=&#8221;20px&#8221;][vc_empty_space height=&#8221;20px&#8221;][vc_column_text] Geschichte; [\/vc_column_text][vc_tta_accordion c_position=&#8221;right&#8221; active_section=&#8221;&#8221; collapsible_all=&#8221;true&#8221;][vc_tta_section title=&#8221;1993&#8243; tab_id=&#8221;1499503082054-29c5802e-cbdf&#8221;][vc_column_text]Gr\u00fcndung durch Zeynel G\u00fcn (Erste Generation)[\/vc_column_text][\/vc_tta_section][vc_tta_section title=&#8221;2001&#8243; tab_id=&#8221;1499503082132-e95f310f-596a&#8221;][vc_column_text]Konzentriert sich auf Kaltkammer-Hochdruck-Druckgusswerkzeuge.[\/vc_column_text][\/vc_tta_section][vc_tta_section title=&#8221;2005&#8243; tab_id=&#8221;1578747216329-4afbdea2-e2ad&#8221;][vc_column_text]Erste Investition in CNC-Technik der zweiten Generation. J\u00e4hrliche Produktion von 15 St\u00fcck Formwerkzeugen.[\/vc_column_text][\/vc_tta_section][vc_tta_section title=&#8221;2010&#8243; tab_id=&#8221;1503170830231-473275ce-d32e&#8221;][vc_column_text]Mehr Investitionen. Beginnt mit der Produktion von Trimmwerkzeugen. J\u00e4hrliche Produktion von 25 St\u00fcck Druckguss-Form- und Beschnittwerkzeugen.[\/vc_column_text][\/vc_tta_section][vc_tta_section title=&#8221;2011&#8243; tab_id=&#8221;1503170859366-acd04d9f-5890&#8243;][vc_column_text]Inbetriebnahme des [&hellip;]<\/p>\n","protected":false},"author":1,"featured_media":0,"parent":0,"menu_order":0,"comment_status":"closed","ping_status":"closed","template":"","meta":{"footnotes":""},"class_list":["post-1106","page","type-page","status-publish","hentry"],"_links":{"self":[{"href":"https:\/\/rasemkalip.com\/de\/wp-json\/wp\/v2\/pages\/1106","targetHints":{"allow":["GET"]}}],"collection":[{"href":"https:\/\/rasemkalip.com\/de\/wp-json\/wp\/v2\/pages"}],"about":[{"href":"https:\/\/rasemkalip.com\/de\/wp-json\/wp\/v2\/types\/page"}],"author":[{"embeddable":true,"href":"https:\/\/rasemkalip.com\/de\/wp-json\/wp\/v2\/users\/1"}],"replies":[{"embeddable":true,"href":"https:\/\/rasemkalip.com\/de\/wp-json\/wp\/v2\/comments?post=1106"}],"version-history":[{"count":12,"href":"https:\/\/rasemkalip.com\/de\/wp-json\/wp\/v2\/pages\/1106\/revisions"}],"predecessor-version":[{"id":1195,"href":"https:\/\/rasemkalip.com\/de\/wp-json\/wp\/v2\/pages\/1106\/revisions\/1195"}],"wp:attachment":[{"href":"https:\/\/rasemkalip.com\/de\/wp-json\/wp\/v2\/media?parent=1106"}],"curies":[{"name":"wp","href":"https:\/\/api.w.org\/{rel}","templated":true}]}}