{"id":1116,"date":"2021-07-28T01:28:22","date_gmt":"2021-07-28T01:28:22","guid":{"rendered":"http:\/\/rasemkalip.com\/kontakt\/"},"modified":"2025-03-11T16:15:48","modified_gmt":"2025-03-11T13:15:48","slug":"kontakt","status":"publish","type":"page","link":"https:\/\/rasemkalip.com\/de\/kontakt\/","title":{"rendered":"Kontakt"},"content":{"rendered":"<section class=\"wpb-content-wrapper\">[vc_row][vc_column width=&#8221;4\/12&#8243;][vc_column_text]Rasem Kal\u0131p Bas\u0131n\u00e7l\u0131 D\u00f6k\u00fcm San. ve Tic. Ltd. \u015eti.[\/vc_column_text]<div class=\"contact-block wr-contact-block\"><div class=\"contact-item\"><div class=\"icon pull-left center\">\n\t\t\t\t\t\t\t\t\t<i class=\"fa fa-map-o\"><\/i>\n\t\t\t\t\t\t\t\t<\/div>\n\t\t\t\t\t\t\t\t<div class=\"contact-text\">\n\t\t\t\t\t\t\t\t\t<h5>B\u00fcro \u00d6ffnungszeiten :<\/h5>\n\t\t\t\t\t\t\t\t\t<p>Marmara Geri D\u00f6n\u00fc\u015f\u00fcmc\u00fcler OSB<br \/>\nAy\u00e7i\u00e7ek Sokak No: 27 \u015eekerp\u0131nar TR 41420<br \/>\n\u00c7ay\u0131rova - Kocaeli \/ TURKEY<\/p>\n\t\t\t\t\t\t\t\t<\/div><\/div><\/div><div class=\"contact-block wr-contact-block\"><div class=\"contact-item\"><div class=\"icon pull-left center\">\n\t\t\t\t\t\t\t\t\t<i class=\"fa fa-envelope-o\"><\/i>\n\t\t\t\t\t\t\t\t<\/div>\n\t\t\t\t\t\t\t\t<div class=\"contact-text\">\n\t\t\t\t\t\t\t\t\t<h5>Unsere E-Mail<\/h5>\n\t\t\t\t\t\t\t\t\t<p>info@rasemkalip.com<\/p>\n\t\t\t\t\t\t\t\t<\/div><\/div><\/div><div class=\"contact-block wr-contact-block\"><div class=\"contact-item\"><div class=\"icon pull-left center\">\n\t\t\t\t\t\t\t\t\t<i class=\"fa fa-phone\"><\/i>\n\t\t\t\t\t\t\t\t<\/div>\n\t\t\t\t\t\t\t\t<div class=\"contact-text\">\n\t\t\t\t\t\t\t\t\t<h5>Rufen Sie uns an unter<\/h5>\n\t\t\t\t\t\t\t\t\t<p>Phone : +90 262 658 86 68<\/p>\n\t\t\t\t\t\t\t\t<\/div><\/div><\/div><div class=\"contact-block wr-contact-block\"><div class=\"contact-item\"><div class=\"icon pull-left center\">\n\t\t\t\t\t\t\t\t\t<i class=\"fa fa-fax\"><\/i>\n\t\t\t\t\t\t\t\t<\/div>\n\t\t\t\t\t\t\t\t<div class=\"contact-text\">\n\t\t\t\t\t\t\t\t\t<h5>Fax<\/h5>\n\t\t\t\t\t\t\t\t\t<p>Fax : +90 262 658 86 69<\/p>\n\t\t\t\t\t\t\t\t<\/div><\/div><\/div>[\/vc_column][vc_column width=&#8221;8\/12&#8243;]\n<div class=\"wpcf7 no-js\" id=\"wpcf7-f5-o1\" lang=\"en-US\" dir=\"ltr\" data-wpcf7-id=\"5\">\n<div class=\"screen-reader-response\"><p role=\"status\" aria-live=\"polite\" aria-atomic=\"true\"><\/p> <ul><\/ul><\/div>\n<form action=\"\/de\/wp-json\/wp\/v2\/pages\/1116#wpcf7-f5-o1\" method=\"post\" class=\"wpcf7-form init\" aria-label=\"Contact form\" novalidate=\"novalidate\" data-status=\"init\">\n<fieldset class=\"hidden-fields-container\"><input type=\"hidden\" name=\"_wpcf7\" value=\"5\" \/><input type=\"hidden\" name=\"_wpcf7_version\" value=\"6.1.5\" \/><input type=\"hidden\" name=\"_wpcf7_locale\" value=\"en_US\" \/><input type=\"hidden\" name=\"_wpcf7_unit_tag\" value=\"wpcf7-f5-o1\" \/><input type=\"hidden\" name=\"_wpcf7_container_post\" value=\"0\" \/><input type=\"hidden\" name=\"_wpcf7_posted_data_hash\" value=\"\" \/>\n<\/fieldset>\n<p><label> Your Name (required)<br \/>\n<span class=\"wpcf7-form-control-wrap\" data-name=\"your-name\"><input size=\"40\" maxlength=\"400\" class=\"wpcf7-form-control wpcf7-text wpcf7-validates-as-required\" aria-required=\"true\" aria-invalid=\"false\" value=\"\" type=\"text\" name=\"your-name\" \/><\/span> <\/label>\n<\/p>\n<p><label> Your Email (required)<br \/>\n<span class=\"wpcf7-form-control-wrap\" data-name=\"your-email\"><input size=\"40\" maxlength=\"400\" class=\"wpcf7-form-control wpcf7-email wpcf7-validates-as-required wpcf7-text wpcf7-validates-as-email\" aria-required=\"true\" aria-invalid=\"false\" value=\"\" type=\"email\" name=\"your-email\" \/><\/span> <\/label>\n<\/p>\n<p><label> Subject<br \/>\n<span class=\"wpcf7-form-control-wrap\" data-name=\"your-subject\"><input size=\"40\" maxlength=\"400\" class=\"wpcf7-form-control wpcf7-text\" aria-invalid=\"false\" value=\"\" type=\"text\" name=\"your-subject\" \/><\/span> <\/label>\n<\/p>\n<p><label> Your Message<br \/>\n<span class=\"wpcf7-form-control-wrap\" data-name=\"your-message\"><textarea cols=\"40\" rows=\"10\" maxlength=\"2000\" class=\"wpcf7-form-control wpcf7-textarea\" aria-invalid=\"false\" name=\"your-message\"><\/textarea><\/span> <\/label>\n<\/p>\n<p><input class=\"wpcf7-form-control wpcf7-submit has-spinner\" type=\"submit\" value=\"Send\" \/>\n<\/p><p style=\"display: none !important;\" class=\"akismet-fields-container\" data-prefix=\"_wpcf7_ak_\"><label>&#916;<textarea name=\"_wpcf7_ak_hp_textarea\" cols=\"45\" rows=\"8\" maxlength=\"100\"><\/textarea><\/label><input type=\"hidden\" id=\"ak_js_1\" name=\"_wpcf7_ak_js\" value=\"207\"\/><script>document.getElementById( \"ak_js_1\" ).setAttribute( \"value\", ( new Date() ).getTime() );<\/script><\/p><div class=\"wpcf7-response-output\" aria-hidden=\"true\"><\/div>\n<\/form>\n<\/div>\n[\/vc_column][\/vc_row][vc_row][vc_column width=&#8221;1\/3&#8243;]<div class=\"contact-block wr-contact-block\"><div class=\"contact-item\"><div class=\"icon pull-left center\">\n\t\t\t\t\t\t\t\t\t<i class=\"fa fa-map-o\"><\/i>\n\t\t\t\t\t\t\t\t<\/div>\n\t\t\t\t\t\t\t\t<div class=\"contact-text\">\n\t\t\t\t\t\t\t\t\t<h5>Geschaeftsf\u00fchrer<\/h5>\n\t\t\t\t\t\t\t\t\t<p>Mr. G\u00fcn Ulas<br \/>\nTel. : + 90 262 658 86 68<br \/>\nE-Mail : ulasgun@rasemkalip.com<br \/>\nLang. : TR &amp; ENG<\/p>\n\t\t\t\t\t\t\t\t<\/div><\/div><\/div>[\/vc_column][vc_column width=&#8221;1\/3&#8243;]<div class=\"contact-block wr-contact-block\"><div class=\"contact-item\"><div class=\"icon pull-left center\">\n\t\t\t\t\t\t\t\t\t<i class=\"fa fa-map-o\"><\/i>\n\t\t\t\t\t\t\t\t<\/div>\n\t\t\t\t\t\t\t\t<div class=\"contact-text\">\n\t\t\t\t\t\t\t\t\t<h5>Vertriebsleitung<\/h5>\n\t\t\t\t\t\t\t\t\t<p>Mr. Aras lsmail<br \/>\nTel. : + 90 262 658 86 68 ( int. 17 )<br \/>\nMob. : + 90 531 085 80 17<br \/>\nE-Mail : ismail.aras@rasemkalip.com<br \/>\nLang. : TR , D , ENG , F , l<\/p>\n\t\t\t\t\t\t\t\t<\/div><\/div><\/div>[\/vc_column][vc_column width=&#8221;1\/3&#8243;]<div class=\"contact-block wr-contact-block\"><div class=\"contact-item\"><div class=\"icon pull-left center\">\n\t\t\t\t\t\t\t\t\t<i class=\"fa fa-map-o\"><\/i>\n\t\t\t\t\t\t\t\t<\/div>\n\t\t\t\t\t\t\t\t<div class=\"contact-text\">\n\t\t\t\t\t\t\t\t\t<h5>Buchhaltung<\/h5>\n\t\t\t\t\t\t\t\t\t<p>Tel. : + 90 262 658 86 68 ( int. 19 )<br \/>\nE-Mail : muhasebe@rasemkalip.com<br \/>\nLang. : TR<\/p>\n\t\t\t\t\t\t\t\t<\/div><\/div><\/div>[\/vc_column][\/vc_row][vc_row row_type=&#8221;wrfullwidth&#8221;][vc_column][vc_gmaps link=&#8221;#E-8_JTNDaWZyYW1lJTIwc3JjJTNEJTIyaHR0cHMlM0ElMkYlMkZ3d3cuZ29vZ2xlLmNvbSUyRm1hcHMlMkZlbWJlZCUzRnBiJTNEJTIxMW0xOCUyMTFtMTIlMjExbTMlMjExZDMwMTguMTY5MjI5MzM1MTE1NyUyMTJkMjkuMzg5MTgyMDQzNDIzNTUzJTIxM2Q0MC44NDYyMDgxODUzNzUyOTYlMjEybTMlMjExZjAlMjEyZjAlMjEzZjAlMjEzbTIlMjExaTEwMjQlMjEyaTc2OCUyMTRmMTMuMSUyMTNtMyUyMTFtMiUyMTFzMHgxNGNhZDhjYmJhOTE5ODZiJTI1M0EweDMwYWM5YTAzYzY3ZjJkODMlMjEyelVtRnpaVzBnUzJGc3hMRndJQ1lnUW1GenhMRnV3NmRzeExFZ1JNTzJhOE84YlNCVFlXNHVJRlJwWXk0Z1RIUmtMaURGbm5ScExnJTIxNWUwJTIxM20yJTIxMXN0ciUyMTJzdHIlMjE0djE1NDc5OTM1MTI5NjMlMjIlMjB3aWR0aCUzRCUyMjEwMCUyNSUyMiUyMGhlaWdodCUzRCUyMjQ1MCUyMiUyMGZyYW1lYm9yZGVyJTNEJTIyMCUyMiUyMHN0eWxlJTNEJTIyYm9yZGVyJTNBMCUyMiUyMGFsbG93ZnVsbHNjcmVlbiUzRSUzQyUyRmlmcmFtZSUzRQ==&#8221;][\/vc_column][\/vc_row]\n<\/section>","protected":false},"excerpt":{"rendered":"<p>[vc_row][vc_column width=&#8221;4\/12&#8243;][vc_column_text]Rasem Kal\u0131p Bas\u0131n\u00e7l\u0131 D\u00f6k\u00fcm San. ve Tic. Ltd. \u015eti.[\/vc_column_text][\/vc_column][vc_column width=&#8221;8\/12&#8243;][\/vc_column][\/vc_row][vc_row][vc_column width=&#8221;1\/3&#8243;][\/vc_column][vc_column width=&#8221;1\/3&#8243;][\/vc_column][vc_column width=&#8221;1\/3&#8243;][\/vc_column][\/vc_row][vc_row row_type=&#8221;wrfullwidth&#8221;][vc_column][vc_gmaps link=&#8221;#E-8_JTNDaWZyYW1lJTIwc3JjJTNEJTIyaHR0cHMlM0ElMkYlMkZ3d3cuZ29vZ2xlLmNvbSUyRm1hcHMlMkZlbWJlZCUzRnBiJTNEJTIxMW0xOCUyMTFtMTIlMjExbTMlMjExZDMwMTguMTY5MjI5MzM1MTE1NyUyMTJkMjkuMzg5MTgyMDQzNDIzNTUzJTIxM2Q0MC44NDYyMDgxODUzNzUyOTYlMjEybTMlMjExZjAlMjEyZjAlMjEzZjAlMjEzbTIlMjExaTEwMjQlMjEyaTc2OCUyMTRmMTMuMSUyMTNtMyUyMTFtMiUyMTFzMHgxNGNhZDhjYmJhOTE5ODZiJTI1M0EweDMwYWM5YTAzYzY3ZjJkODMlMjEyelVtRnpaVzBnUzJGc3hMRndJQ1lnUW1GenhMRnV3NmRzeExFZ1JNTzJhOE84YlNCVFlXNHVJRlJwWXk0Z1RIUmtMaURGbm5ScExnJTIxNWUwJTIxM20yJTIxMXN0ciUyMTJzdHIlMjE0djE1NDc5OTM1MTI5NjMlMjIlMjB3aWR0aCUzRCUyMjEwMCUyNSUyMiUyMGhlaWdodCUzRCUyMjQ1MCUyMiUyMGZyYW1lYm9yZGVyJTNEJTIyMCUyMiUyMHN0eWxlJTNEJTIyYm9yZGVyJTNBMCUyMiUyMGFsbG93ZnVsbHNjcmVlbiUzRSUzQyUyRmlmcmFtZSUzRQ==&#8221;][\/vc_column][\/vc_row]<\/p>\n","protected":false},"author":1,"featured_media":0,"parent":0,"menu_order":0,"comment_status":"closed","ping_status":"closed","template":"","meta":{"footnotes":""},"class_list":["post-1116","page","type-page","status-publish","hentry"],"_links":{"self":[{"href":"https:\/\/rasemkalip.com\/de\/wp-json\/wp\/v2\/pages\/1116","targetHints":{"allow":["GET"]}}],"collection":[{"href":"https:\/\/rasemkalip.com\/de\/wp-json\/wp\/v2\/pages"}],"about":[{"href":"https:\/\/rasemkalip.com\/de\/wp-json\/wp\/v2\/types\/page"}],"author":[{"embeddable":true,"href":"https:\/\/rasemkalip.com\/de\/wp-json\/wp\/v2\/users\/1"}],"replies":[{"embeddable":true,"href":"https:\/\/rasemkalip.com\/de\/wp-json\/wp\/v2\/comments?post=1116"}],"version-history":[{"count":8,"href":"https:\/\/rasemkalip.com\/de\/wp-json\/wp\/v2\/pages\/1116\/revisions"}],"predecessor-version":[{"id":1251,"href":"https:\/\/rasemkalip.com\/de\/wp-json\/wp\/v2\/pages\/1116\/revisions\/1251"}],"wp:attachment":[{"href":"https:\/\/rasemkalip.com\/de\/wp-json\/wp\/v2\/media?parent=1116"}],"curies":[{"name":"wp","href":"https:\/\/api.w.org\/{rel}","templated":true}]}}