{"id":1150,"date":"2021-08-01T14:08:28","date_gmt":"2021-08-01T14:08:28","guid":{"rendered":"https:\/\/rasemkalip.com\/produktion\/"},"modified":"2021-09-09T14:26:31","modified_gmt":"2021-09-09T14:26:31","slug":"produktion","status":"publish","type":"page","link":"https:\/\/rasemkalip.com\/de\/produktion\/","title":{"rendered":"Produktion"},"content":{"rendered":"<section class=\"wpb-content-wrapper\">[vc_row][vc_column width=&#8221;1\/2&#8243;]<img decoding=\"async\" src=\"https:\/\/rasemkalip.com\/wp-content\/uploads\/2020\/01\/pro.jpg\" alt=\"\">[vc_empty_space height=&#8221;20px&#8221;][vc_column_text]Rasem stellt hochwertige Werkzeuge f\u00fcr die Massenproduktion der Tier-1-Unternehmen her, wie z. Bosch, SEG, Valeo, Magna-CTS, TRW, Mahle, Wabco, Stackpole, Trelleborg in fester Partnerschaften mit Druckguss-Gie\u00dfereien, die ihr Hauptgesch\u00e4ft mit zu 85 % in der Automotive lndustrie und auch f\u00fcr lndustrien wie Haushalte und Elektro-Elektronik betreiben.<\/p>\n<p>Unsere allgemeinen Teilgruppen sind;\u00a0<strong>EGR-Ventile, \u00d6lpumpenteile, Viscofan-Teile, Lenks\u00e4ulen, Drosselklappengeh\u00e4use, Lichtmaschinenhalterungen, Ventilteile, Wischerhalterung und Drehgelenkteile,<\/strong>\u00a0<strong>Chassis-<\/strong>\u00a0und\u00a0<strong>Schwingungsd\u00e4mpfungsteile, Kfz-Beleuchtungsteile, Trommelhalterungen<\/strong>\u00a0und\u00a0<strong>Riemenscheibenteile <\/strong>f\u00fcr die\u00a0<strong>Haushaltsindustrie, Beleuchtungsteile . <\/strong>[\/vc_column_text][\/vc_column][vc_column width=&#8221;1\/2&#8243;][vc_column_text]\n<p><strong>RASEM<\/strong>\u00a0fokusiert sein Geschaeftsfeld besonders auf die Druckgussindustrie und stellt ausschlie\u00dflich\u00a0<strong>Kaltkammerdruckguss<\/strong>-Form- und Entgratungswerkzeuge her. S<strong>eit 2001 wurden mehr als 500 Endprodukte hergestellt.<\/strong><\/p>\n<p>Heute ist RASEM \u2013 auf 1.300 m2 geschlossener Fl\u00e4che \u2013 in der Lage, Werkzeuge bis <strong>\u00a02000 mm Gr\u00f6\u00dfe und bis zu 18 Tonnen Gewicht<\/strong> zu produzieren.<\/p>\n<p>2019 wurden 52 Form- und 37 Trimmwerkzeuge ausgeliefert .[\/vc_column_text][vc_single_image image=&#8221;1014&#8243; img_size=&#8221;large&#8221;][\/vc_column][\/vc_row][vc_row][vc_column][vc_column_text]<strong>HPDC &#8211; Kaltkammer-Druckgusswerkzeuge<\/strong><\/p>\n<p>Wir produzieren Werkzeuge mit hochqualifizierten Arbeitskr\u00e4ften, einem gestalterischem Talent und langj\u00e4hriger Branchenerfahrung.<\/p>\n<p>Unser Montageteam vervollst\u00e4ndigt mit seinen talentierten H\u00e4nden die Produktionsphase nach der Bearbeitung der Werkzeugteile durch Hochgeschwindigkeits-Bearbeitungszentren.<\/p>\n<p>Wir verwenden <strong>5-Achsen-CNC-Technologie, Senkerodieren, Drahterodieren\u00a0<em>(Sodick) <\/em><\/strong>und\u00a0<strong>Hochgeschwindigkeits-CNC-Bearbeitungszentren ( Br\u00fcckentyp ) .<\/strong><\/p>\n<ul>\n<li><i class=\"fa fa-check-square-o\"><\/i><strong>5-Achs-Technologie<\/strong><\/li>\n<li><strong><i class=\"fa fa-check-square-o\"><\/i>Hochqualifiziertes Spotting-Talent<\/strong><\/li>\n<li><strong><i class=\"fa fa-check-square-o\"><\/i>Gie\u00dfen des Werkzeugs im Haus<\/strong><\/li>\n<li><strong><i class=\"fa fa-check-square-o\"><\/i>Ma\u00dfbericht von Gussteilen<\/strong><\/li>\n<\/ul>\n[\/vc_column_text][\/vc_column][\/vc_row]\n<\/section>","protected":false},"excerpt":{"rendered":"<p>[vc_row][vc_column width=&#8221;1\/2&#8243;][vc_empty_space height=&#8221;20px&#8221;][vc_column_text]Rasem stellt hochwertige Werkzeuge f\u00fcr die Massenproduktion der Tier-1-Unternehmen her, wie z. Bosch, SEG, Valeo, Magna-CTS, TRW, Mahle, Wabco, Stackpole, Trelleborg in fester Partnerschaften mit Druckguss-Gie\u00dfereien, die ihr Hauptgesch\u00e4ft mit zu 85 % in der Automotive lndustrie und auch f\u00fcr lndustrien wie Haushalte und Elektro-Elektronik betreiben. Unsere allgemeinen Teilgruppen sind;\u00a0EGR-Ventile, \u00d6lpumpenteile, Viscofan-Teile, Lenks\u00e4ulen, [&hellip;]<\/p>\n","protected":false},"author":1,"featured_media":0,"parent":0,"menu_order":0,"comment_status":"closed","ping_status":"closed","template":"","meta":{"footnotes":""},"class_list":["post-1150","page","type-page","status-publish","hentry"],"_links":{"self":[{"href":"https:\/\/rasemkalip.com\/de\/wp-json\/wp\/v2\/pages\/1150","targetHints":{"allow":["GET"]}}],"collection":[{"href":"https:\/\/rasemkalip.com\/de\/wp-json\/wp\/v2\/pages"}],"about":[{"href":"https:\/\/rasemkalip.com\/de\/wp-json\/wp\/v2\/types\/page"}],"author":[{"embeddable":true,"href":"https:\/\/rasemkalip.com\/de\/wp-json\/wp\/v2\/users\/1"}],"replies":[{"embeddable":true,"href":"https:\/\/rasemkalip.com\/de\/wp-json\/wp\/v2\/comments?post=1150"}],"version-history":[{"count":10,"href":"https:\/\/rasemkalip.com\/de\/wp-json\/wp\/v2\/pages\/1150\/revisions"}],"predecessor-version":[{"id":1199,"href":"https:\/\/rasemkalip.com\/de\/wp-json\/wp\/v2\/pages\/1150\/revisions\/1199"}],"wp:attachment":[{"href":"https:\/\/rasemkalip.com\/de\/wp-json\/wp\/v2\/media?parent=1150"}],"curies":[{"name":"wp","href":"https:\/\/api.w.org\/{rel}","templated":true}]}}